

{"id":37,"date":"2019-05-02T12:08:38","date_gmt":"2019-05-02T10:08:38","guid":{"rendered":"https:\/\/www.gogoko.eus\/cookien-politika\/"},"modified":"2019-05-14T08:52:27","modified_gmt":"2019-05-14T06:52:27","slug":"politica-de-cookies","status":"publish","type":"page","link":"https:\/\/gogoko.eus\/es\/politica-de-cookies\/","title":{"rendered":"Pol\u00edtica de cookies"},"content":{"rendered":"\n<p>Las Cookies son archivos que el sitio web o la aplicaci\u00f3n que utilizas instala en tu navegador o en tu dispositivo (Smartphone, tableta o televisi\u00f3n conectada) durante tu recorrido por las p\u00e1ginas o por la aplicaci\u00f3n, y sirven para almacenar informaci\u00f3n sobre tu visita.<\/p>\n\n\n\n<p>Este Sitio Web utiliza Google Analytics, un servicio anal\u00edtico de web prestado por Google, Inc., una compa\u00f1\u00eda de Delaware cuya oficina principal est\u00e1 en 1600 Amphitheatre Parkway, Mountain View (California), CA 94043, Estados Unidos (\u201cGoogle\u201d).<\/p>\n\n\n\n<p>Google Analytics utiliza \u201ccookies\u201d, que son archivos de texto ubicados en su ordenador, para ayudar al website a analizar el uso que hacen los usuarios del sitio web. La informaci\u00f3n que genera la cookie acerca de su uso del website (incluyendo su direcci\u00f3n IP) ser\u00e1 directamente transmitida y archivada por Google en los servidores de Estados Unidos. Google usar\u00e1 esta informaci\u00f3n por cuenta nuestra con el prop\u00f3sito de seguir la pista de su uso del website, recopilando informes de la actividad del website y prestando otros servicios relacionados con la actividad del website y el uso de Internet. Google podr\u00e1 transmitir dicha informaci\u00f3n a terceros cuando as\u00ed se lo requiera la legislaci\u00f3n, o cuando dichos terceros procesen la informaci\u00f3n por cuenta de Google. Google no asociar\u00e1 su direcci\u00f3n IP con ning\u00fan otro dato del que disponga Google. Puede Usted rechazar el tratamiento de los datos o la informaci\u00f3n rechazando el uso de cookies mediante la selecci\u00f3n de la configuraci\u00f3n apropiada de su navegador, sin embargo, debe Usted saber que si lo hace puede ser que no pueda usar la plena funcionabilidad de este website. Al utilizar este website Usted consiente el tratamiento de informaci\u00f3n acerca de Usted por Google en la forma y para los fines arriba indicados. (http:\/\/www.google.com\/analytics\/tos.html)<\/p>\n\n\n\n<p>Google Analytics es la herramienta de an\u00e1lisis web gratuita de Google que ayuda a los propietarios de los sitios web a comprender c\u00f3mo interact\u00faan los visitantes con su sitio web. Google Analytics recopila informaci\u00f3n de forma an\u00f3nima y, al igual que si se rastrearan huellas en la arena, informa acerca de las tendencias del sitio web, sin identificar a los visitantes individuales. Google Analytics utiliza su propia cookie para seguir las interacciones de los visitantes. La cookie se utiliza para guardar informaci\u00f3n, como la hora a la que se produjo la visita actual, si el visitante hab\u00eda estado anteriormente en el sitio o el sitio del que proviene. Los clientes de Google Analytics pueden acceder a una variedad de informes acerca del modo en el que los visitantes interact\u00faan con sus sitios web, de forma que puedan mejorarlos y hacerlos m\u00e1s localizables. Se utiliza una cookie distinta para cada sitio web y no se realiza un seguimiento de los visitantes entre varios sitios. Google Analytics requiere que todos los sitios web actualicen su pol\u00edtica de privacidad para incluir un aviso que informe plenamente sobre la utilizaci\u00f3n de Google Analytics. Para deshabilitar este tipo de cookie, algunos navegadores le indicar\u00e1n cuando se est\u00e1 enviando una cookie y le permitir\u00e1n rechazarlas caso por caso. Adicionalmente a rechazar cookies, tambi\u00e9n puede instalarse la herramienta Google Analytics Opt-out Add-on en su navegador, que impide a Google Analytics la recopilaci\u00f3n de informaci\u00f3n sobre sus visitas a sitios web. (Inf\u00f3rmese sobre la herramienta Google Analytics Opt-out Add-on y otra informaci\u00f3n sobre privacidad de Google Analytics http:\/\/www.google.com\/privacy_ads.html#toc-faq).<\/p>\n\n\n\n<p>DESACTIVACI\u00d3N DE COOKIES<\/p>\n\n\n\n<p>El usuario podr\u00e1 -en cualquier momento- elegir qu\u00e9 cookies quiere que funcionen en este sitio web mediante:<\/p>\n\n\n\n<p>Chrome, desde&nbsp;<a href=\"http:\/\/support.google.com\/chrome\/bin\/answer.py?hl=es&amp;answer=95647\">http:\/\/support.google.com\/chrome\/bin\/answer.py?hl=es&amp;answer=95647<\/a><br>Firefox, desde&nbsp;<a href=\"http:\/\/support.mozilla.org\/es\/kb\/habilitar-y-deshabilitar-cookies-que-los-sitios-we\">http:\/\/support.mozilla.org\/es\/kb\/habilitar-y-deshabilitar-cookies-que-los-sitios-we<\/a><br>Safari, desde&nbsp;<a href=\"http:\/\/support.apple.com\/kb\/ph5042\">http:\/\/support.apple.com\/kb\/ph5042<\/a><br>Explorer, desde&nbsp;<a href=\"https:\/\/support.microsoft.com\/es-es\/products\/windows?os=windows-10\">https:\/\/support.microsoft.com\/es-es\/products\/windows?os=windows-10<\/a><br><\/p>\n","protected":false},"excerpt":{"rendered":"<p>Las Cookies son archivos que el sitio web o la aplicaci\u00f3n que utilizas instala en tu navegador o en tu dispositivo (Smartphone, tableta o televisi\u00f3n conectada) durante tu recorrido por las p\u00e1ginas o por la aplicaci\u00f3n, y sirven para almacenar informaci\u00f3n sobre tu visita. Este Sitio Web utiliza Google Analytics, un servicio anal\u00edtico de web [&hellip;]<\/p>\n","protected":false},"author":1,"featured_media":0,"parent":0,"menu_order":0,"comment_status":"closed","ping_status":"closed","template":"pages\/page-page.php","meta":{"footnotes":""},"class_list":["post-37","page","type-page","status-publish","hentry"],"yoast_head":"<!-- This site is optimized with the Yoast SEO plugin v26.8 - https:\/\/yoast.com\/product\/yoast-seo-wordpress\/ -->\n<title>Pol\u00edtica de cookies - Gogoko<\/title>\n<meta name=\"robots\" content=\"noindex, nofollow\" \/>\n<meta property=\"og:locale\" content=\"es_ES\" \/>\n<meta property=\"og:type\" content=\"article\" \/>\n<meta property=\"og:title\" content=\"Pol\u00edtica de cookies - Gogoko\" \/>\n<meta property=\"og:description\" content=\"Las Cookies son archivos que el sitio web o la aplicaci\u00f3n que utilizas instala en tu navegador o en tu dispositivo (Smartphone, tableta o televisi\u00f3n conectada) durante tu recorrido por las p\u00e1ginas o por la aplicaci\u00f3n, y sirven para almacenar informaci\u00f3n sobre tu visita. Este Sitio Web utiliza Google Analytics, un servicio anal\u00edtico de web [&hellip;]\" \/>\n<meta property=\"og:url\" content=\"https:\/\/gogoko.eus\/cookien-politika\/\" \/>\n<meta property=\"og:site_name\" content=\"Gogoko\" \/>\n<meta property=\"article:modified_time\" content=\"2019-05-14T06:52:27+00:00\" \/>\n<meta name=\"twitter:card\" content=\"summary_large_image\" \/>\n<meta name=\"twitter:label1\" content=\"Tiempo de lectura\" \/>\n\t<meta name=\"twitter:data1\" content=\"3 minutos\" \/>\n<script type=\"application\/ld+json\" class=\"yoast-schema-graph\">{\"@context\":\"https:\/\/schema.org\",\"@graph\":[{\"@type\":\"WebPage\",\"@id\":\"https:\/\/gogoko.eus\/cookien-politika\/\",\"url\":\"https:\/\/gogoko.eus\/cookien-politika\/\",\"name\":\"Pol\u00edtica de cookies - Gogoko\",\"isPartOf\":{\"@id\":\"https:\/\/gogoko.eus\/#website\"},\"datePublished\":\"2019-05-02T10:08:38+00:00\",\"dateModified\":\"2019-05-14T06:52:27+00:00\",\"breadcrumb\":{\"@id\":\"https:\/\/gogoko.eus\/cookien-politika\/#breadcrumb\"},\"inLanguage\":\"es\",\"potentialAction\":[{\"@type\":\"ReadAction\",\"target\":[\"https:\/\/gogoko.eus\/cookien-politika\/\"]}]},{\"@type\":\"BreadcrumbList\",\"@id\":\"https:\/\/gogoko.eus\/cookien-politika\/#breadcrumb\",\"itemListElement\":[{\"@type\":\"ListItem\",\"position\":1,\"name\":\"Home\",\"item\":\"https:\/\/gogoko.eus\/\"},{\"@type\":\"ListItem\",\"position\":2,\"name\":\"Pol\u00edtica de cookies\"}]},{\"@type\":\"WebSite\",\"@id\":\"https:\/\/gogoko.eus\/#website\",\"url\":\"https:\/\/gogoko.eus\/\",\"name\":\"Gogoko\",\"description\":\"Komertzio txikiaren erakusleiho digitala\",\"potentialAction\":[{\"@type\":\"SearchAction\",\"target\":{\"@type\":\"EntryPoint\",\"urlTemplate\":\"https:\/\/gogoko.eus\/?s={search_term_string}\"},\"query-input\":{\"@type\":\"PropertyValueSpecification\",\"valueRequired\":true,\"valueName\":\"search_term_string\"}}],\"inLanguage\":\"es\"}]}<\/script>\n<!-- \/ Yoast SEO plugin. -->","yoast_head_json":{"title":"Pol\u00edtica de cookies - Gogoko","robots":{"index":"noindex","follow":"nofollow"},"og_locale":"es_ES","og_type":"article","og_title":"Pol\u00edtica de cookies - Gogoko","og_description":"Las Cookies son archivos que el sitio web o la aplicaci\u00f3n que utilizas instala en tu navegador o en tu dispositivo (Smartphone, tableta o televisi\u00f3n conectada) durante tu recorrido por las p\u00e1ginas o por la aplicaci\u00f3n, y sirven para almacenar informaci\u00f3n sobre tu visita. Este Sitio Web utiliza Google Analytics, un servicio anal\u00edtico de web [&hellip;]","og_url":"https:\/\/gogoko.eus\/cookien-politika\/","og_site_name":"Gogoko","article_modified_time":"2019-05-14T06:52:27+00:00","twitter_card":"summary_large_image","twitter_misc":{"Tiempo de lectura":"3 minutos"},"schema":{"@context":"https:\/\/schema.org","@graph":[{"@type":"WebPage","@id":"https:\/\/gogoko.eus\/cookien-politika\/","url":"https:\/\/gogoko.eus\/cookien-politika\/","name":"Pol\u00edtica de cookies - Gogoko","isPartOf":{"@id":"https:\/\/gogoko.eus\/#website"},"datePublished":"2019-05-02T10:08:38+00:00","dateModified":"2019-05-14T06:52:27+00:00","breadcrumb":{"@id":"https:\/\/gogoko.eus\/cookien-politika\/#breadcrumb"},"inLanguage":"es","potentialAction":[{"@type":"ReadAction","target":["https:\/\/gogoko.eus\/cookien-politika\/"]}]},{"@type":"BreadcrumbList","@id":"https:\/\/gogoko.eus\/cookien-politika\/#breadcrumb","itemListElement":[{"@type":"ListItem","position":1,"name":"Home","item":"https:\/\/gogoko.eus\/"},{"@type":"ListItem","position":2,"name":"Pol\u00edtica de cookies"}]},{"@type":"WebSite","@id":"https:\/\/gogoko.eus\/#website","url":"https:\/\/gogoko.eus\/","name":"Gogoko","description":"Komertzio txikiaren erakusleiho digitala","potentialAction":[{"@type":"SearchAction","target":{"@type":"EntryPoint","urlTemplate":"https:\/\/gogoko.eus\/?s={search_term_string}"},"query-input":{"@type":"PropertyValueSpecification","valueRequired":true,"valueName":"search_term_string"}}],"inLanguage":"es"}]}},"_links":{"self":[{"href":"https:\/\/gogoko.eus\/es\/wp-json\/wp\/v2\/pages\/37","targetHints":{"allow":["GET"]}}],"collection":[{"href":"https:\/\/gogoko.eus\/es\/wp-json\/wp\/v2\/pages"}],"about":[{"href":"https:\/\/gogoko.eus\/es\/wp-json\/wp\/v2\/types\/page"}],"author":[{"embeddable":true,"href":"https:\/\/gogoko.eus\/es\/wp-json\/wp\/v2\/users\/1"}],"replies":[{"embeddable":true,"href":"https:\/\/gogoko.eus\/es\/wp-json\/wp\/v2\/comments?post=37"}],"version-history":[{"count":1,"href":"https:\/\/gogoko.eus\/es\/wp-json\/wp\/v2\/pages\/37\/revisions"}],"predecessor-version":[{"id":38,"href":"https:\/\/gogoko.eus\/es\/wp-json\/wp\/v2\/pages\/37\/revisions\/38"}],"wp:attachment":[{"href":"https:\/\/gogoko.eus\/es\/wp-json\/wp\/v2\/media?parent=37"}],"curies":[{"name":"wp","href":"https:\/\/api.w.org\/{rel}","templated":true}]}}